{"id":16,"date":"2007-12-18T21:19:08","date_gmt":"2007-12-18T19:19:08","guid":{"rendered":"http:\/\/www.kanzlei-polster.com\/index.php\/vita-rechtsanwalt-m-schwiering\/"},"modified":"2016-07-30T16:38:58","modified_gmt":"2016-07-30T16:38:58","slug":"vita-rechtsanwalt-m-schwiering","status":"publish","type":"page","link":"http:\/\/kanzlei-polster.com\/?page_id=16","title":{"rendered":"Rechtsanwalt und Notar M. Schwiering"},"content":{"rendered":"<p><img loading=\"lazy\" class=\"alignnone wp-image-282\" src=\"http:\/\/kanzlei-polster.com\/wp-content\/uploads\/2007\/12\/P1030528.jpg\" alt=\"P1030528\" width=\"195\" height=\"219\" srcset=\"http:\/\/kanzlei-polster.com\/wp-content\/uploads\/2007\/12\/P1030528.jpg 1761w, http:\/\/kanzlei-polster.com\/wp-content\/uploads\/2007\/12\/P1030528-267x300.jpg 267w, http:\/\/kanzlei-polster.com\/wp-content\/uploads\/2007\/12\/P1030528-768x862.jpg 768w, http:\/\/kanzlei-polster.com\/wp-content\/uploads\/2007\/12\/P1030528-913x1024.jpg 913w\" sizes=\"(max-width: 195px) 100vw, 195px\" \/><\/p>\n<p>Besuch von allgemeinbildenden Schulen in Tarmstedt und Zeven.<\/p>\n<p>1998-1999 Ableistung des Wehrdienstes in der Lent-Kaserne<br \/>\nRotenburg\/W\u00fcmme.<\/p>\n<p>1999-2004: Studium der Rechtswissenschaften an der Georg-August Universit\u00e4t G\u00f6ttingen;<br \/>\nAbschluss: 1. Juristisches Staatsexamen am 22.04.2004<\/p>\n<p>2004-2005\u00a0\u00a0 \u00a0Studium der Politikwissenschaften an der Universit\u00e4t Bremen<\/p>\n<p>2007: 2. juristisches Staatsexamen in Niedersachsen<\/p>\n<p>2014: Bestellung zum Notar<\/p>\n<p>Verheiratet, drei Kinder. Lebt in Hepstedt, Samtgemeinde Tarmstedt.<\/p>\n","protected":false},"excerpt":{"rendered":"<p>Besuch von allgemeinbildenden Schulen in Tarmstedt und Zeven. 1998-1999 Ableistung des Wehrdienstes in der Lent-Kaserne Rotenburg\/W\u00fcmme. 1999-2004: Studium der Rechtswissenschaften an der Georg-August Universit\u00e4t G\u00f6ttingen; Abschluss: 1. Juristisches Staatsexamen am 22.04.2004 2004-2005\u00a0\u00a0 \u00a0Studium der Politikwissenschaften an der Universit\u00e4t Bremen 2007: 2. juristisches Staatsexamen in Niedersachsen 2014: Bestellung zum Notar Verheiratet, drei Kinder. Lebt in Hepstedt, &hellip; <\/p>\n<p><a class=\"more-link btn\" href=\"http:\/\/kanzlei-polster.com\/?page_id=16\">Weiterlesen<\/a><\/p>\n","protected":false},"author":1,"featured_media":0,"parent":13,"menu_order":3,"comment_status":"closed","ping_status":"closed","template":"","meta":[],"_links":{"self":[{"href":"http:\/\/kanzlei-polster.com\/index.php?rest_route=\/wp\/v2\/pages\/16"}],"collection":[{"href":"http:\/\/kanzlei-polster.com\/index.php?rest_route=\/wp\/v2\/pages"}],"about":[{"href":"http:\/\/kanzlei-polster.com\/index.php?rest_route=\/wp\/v2\/types\/page"}],"author":[{"embeddable":true,"href":"http:\/\/kanzlei-polster.com\/index.php?rest_route=\/wp\/v2\/users\/1"}],"replies":[{"embeddable":true,"href":"http:\/\/kanzlei-polster.com\/index.php?rest_route=%2Fwp%2Fv2%2Fcomments&post=16"}],"version-history":[{"count":3,"href":"http:\/\/kanzlei-polster.com\/index.php?rest_route=\/wp\/v2\/pages\/16\/revisions"}],"predecessor-version":[{"id":287,"href":"http:\/\/kanzlei-polster.com\/index.php?rest_route=\/wp\/v2\/pages\/16\/revisions\/287"}],"up":[{"embeddable":true,"href":"http:\/\/kanzlei-polster.com\/index.php?rest_route=\/wp\/v2\/pages\/13"}],"wp:attachment":[{"href":"http:\/\/kanzlei-polster.com\/index.php?rest_route=%2Fwp%2Fv2%2Fmedia&parent=16"}],"curies":[{"name":"wp","href":"https:\/\/api.w.org\/{rel}","templated":true}]}}